{"id":43,"date":"2025-11-14T13:58:31","date_gmt":"2025-11-14T12:58:31","guid":{"rendered":"https:\/\/angosap.org\/?page_id=43"},"modified":"2026-01-14T10:36:11","modified_gmt":"2026-01-14T09:36:11","slug":"aviso-legal","status":"publish","type":"page","link":"https:\/\/angosap.org\/pt\/aviso-legal\/","title":{"rendered":"Aviso legal"},"content":{"rendered":"<div data-elementor-type=\"wp-page\" data-elementor-id=\"43\" class=\"elementor elementor-43\" data-elementor-post-type=\"page\">\n\t\t\t\t<div class=\"elementor-element elementor-element-32807a0 e-flex e-con-boxed e-con e-parent\" data-id=\"32807a0\" data-element_type=\"container\" data-e-type=\"container\" data-settings=\"{&quot;background_background&quot;:&quot;classic&quot;}\">\n\t\t\t\t\t<div class=\"e-con-inner\">\n\t\t\t\t<div class=\"elementor-element elementor-element-20ac182 elementor-widget elementor-widget-heading\" data-id=\"20ac182\" data-element_type=\"widget\" data-e-type=\"widget\" data-widget_type=\"heading.default\">\n\t\t\t\t\t<h2 class=\"elementor-heading-title elementor-size-default\">Advert\u00eancia jur\u00eddica e condi\u00e7\u00f5es gerais de utiliza\u00e7\u00e3o.\n<\/h2>\t\t\t\t<\/div>\n\t\t\t\t<div class=\"elementor-element elementor-element-032ebc2 elementor-widget elementor-widget-text-editor\" data-id=\"032ebc2\" data-element_type=\"widget\" data-e-type=\"widget\" data-widget_type=\"text-editor.default\">\n\t\t\t\t\t\t\t\t\t<p>I. INFORMA\u00c7\u00d5ES DE CAR\u00c1CTER GERAL<\/p>\t\t\t\t\t\t\t\t<\/div>\n\t\t\t\t<div class=\"elementor-element elementor-element-a0c7db0 elementor-widget elementor-widget-text-editor\" data-id=\"a0c7db0\" data-element_type=\"widget\" data-e-type=\"widget\" data-widget_type=\"text-editor.default\">\n\t\t\t\t\t\t\t\t\t<p>Em cumprimento da obriga\u00e7\u00e3o de informa\u00e7\u00e3o prevista na Lei 34\/2002, de 11 de julho, dos Servi\u00e7os da Sociedade da Informa\u00e7\u00e3o e do Com\u00e9rcio Eletr\u00f3nico (LSSI-CE), s\u00e3o fornecidas as seguintes informa\u00e7\u00f5es gerais sobre este s\u00edtio Web:<\/p><p>A propriedade deste s\u00edtio Web, https:\/\/angosap.org, (a seguir designado por \"s\u00edtio Web\") \u00e9 detida por: <strong>AngoSAP<\/strong>, com o NIF: xxxxx, cujos contactos s\u00e3o:<\/p><p>E-mail de contacto: <strong><a href=\"mailto:gestion.angosap@gm.uca.es\">gestion.angosap@gm.uca.es<\/a><\/strong><\/p>\t\t\t\t\t\t\t\t<\/div>\n\t\t\t\t<div class=\"elementor-element elementor-element-86ac4a4 elementor-widget elementor-widget-text-editor\" data-id=\"86ac4a4\" data-element_type=\"widget\" data-e-type=\"widget\" data-widget_type=\"text-editor.default\">\n\t\t\t\t\t\t\t\t\t<p>II. TERMOS E CONDI\u00c7\u00d5ES GERAIS DE UTILIZA\u00c7\u00c3O<\/p>\t\t\t\t\t\t\t\t<\/div>\n\t\t\t\t<div class=\"elementor-element elementor-element-98c58f7 elementor-widget elementor-widget-text-editor\" data-id=\"98c58f7\" data-element_type=\"widget\" data-e-type=\"widget\" data-widget_type=\"text-editor.default\">\n\t\t\t\t\t\t\t\t\t<p>O objeto das condi\u00e7\u00f5es gerais: O s\u00edtio Web<\/p>\t\t\t\t\t\t\t\t<\/div>\n\t\t\t\t<div class=\"elementor-element elementor-element-90a3831 elementor-widget elementor-widget-text-editor\" data-id=\"90a3831\" data-element_type=\"widget\" data-e-type=\"widget\" data-widget_type=\"text-editor.default\">\n\t\t\t\t\t\t\t\t\t<p>O objetivo das presentes Condi\u00e7\u00f5es Gerais de Utiliza\u00e7\u00e3o (doravante, Condi\u00e7\u00f5es) \u00e9 regular o acesso e a utiliza\u00e7\u00e3o do s\u00edtio Web. Para efeitos das presentes Condi\u00e7\u00f5es Gerais, entende-se por S\u00edtio Web: o aspeto exterior das interfaces de ecr\u00e3, tanto est\u00e1ticas como din\u00e2micas, ou seja, a \u00e1rvore de navega\u00e7\u00e3o; e todos os elementos integrados tanto nas interfaces de ecr\u00e3 como na \u00e1rvore de navega\u00e7\u00e3o (doravante, Conte\u00fados) e todos os servi\u00e7os ou recursos em linha que possam ser oferecidos aos Utilizadores (doravante, Servi\u00e7os).<\/p><p><strong>AngoSAP <\/strong>reserva-se o direito de modificar, em qualquer altura e sem aviso pr\u00e9vio, a apresenta\u00e7\u00e3o e a configura\u00e7\u00e3o do S\u00edtio Web, bem como os Conte\u00fados e os Servi\u00e7os que possam ser incorporados no mesmo. O Utilizador reconhece e aceita que, em qualquer momento <strong>AngoSAP <\/strong>pode interromper, desativar e\/ou anular qualquer um destes elementos integrados no s\u00edtio Web ou o acesso aos mesmos.<\/p>\t\t\t\t\t\t\t\t<\/div>\n\t\t\t\t<div class=\"elementor-element elementor-element-f01721f elementor-widget elementor-widget-text-editor\" data-id=\"f01721f\" data-element_type=\"widget\" data-e-type=\"widget\" data-widget_type=\"text-editor.default\">\n\t\t\t\t\t\t\t\t\t<p>O utilizador<\/p>\t\t\t\t\t\t\t\t<\/div>\n\t\t\t\t<div class=\"elementor-element elementor-element-02a634c elementor-widget elementor-widget-text-editor\" data-id=\"02a634c\" data-element_type=\"widget\" data-e-type=\"widget\" data-widget_type=\"text-editor.default\">\n\t\t\t\t\t\t\t\t\t<p>O acesso, navega\u00e7\u00e3o e utiliza\u00e7\u00e3o do S\u00edtio Web atribui a condi\u00e7\u00e3o de Utilizador, pelo que, a partir do momento em que inicia a navega\u00e7\u00e3o no S\u00edtio Web, o Utilizador aceita todas as Condi\u00e7\u00f5es aqui estabelecidas, bem como quaisquer modifica\u00e7\u00f5es posteriores, sem preju\u00edzo da aplica\u00e7\u00e3o das normas legais correspondentes que devam ser cumpridas de acordo com cada caso. Dada a relev\u00e2ncia do exposto, recomenda-se ao Utilizador que as leia sempre que visitar o S\u00edtio Web.<\/p><p>O s\u00edtio Web de <strong>AngoSAP <\/strong>fornece uma vasta gama de informa\u00e7\u00f5es, servi\u00e7os e dados. O Utilizador assume a responsabilidade pela utiliza\u00e7\u00e3o correta do S\u00edtio Web. Esta responsabilidade estende-se a:<\/p><ul><li>Uma utiliza\u00e7\u00e3o das informa\u00e7\u00f5es, Conte\u00fados e\/ou Servi\u00e7os e dados oferecidos por <strong>AngoSAP <\/strong>sem ser contr\u00e1rio \u00e0s disposi\u00e7\u00f5es das presentes Condi\u00e7\u00f5es, \u00e0 lei, \u00e0 moral e \u00e0 ordem p\u00fablica, ou que de qualquer outra forma possa prejudicar os direitos de terceiros ou o funcionamento do s\u00edtio Web.<\/li><li>A veracidade e a legalidade das informa\u00e7\u00f5es fornecidas pelo Utilizador nos formul\u00e1rios fornecidos pela <strong>AngoSAP <\/strong>para aceder a determinados Conte\u00fados ou Servi\u00e7os oferecidos pelo S\u00edtio Web. Em qualquer caso, o Utilizador deve notificar imediatamente a <strong>AngoSAP <\/strong>sobre qualquer evento que permita o uso indevido das informa\u00e7\u00f5es registadas nesses formul\u00e1rios, tais como, mas n\u00e3o limitado a, roubo, perda ou acesso n\u00e3o autorizado a identificadores e\/ou palavras-passe, a fim de proceder ao seu cancelamento imediato.<\/li><\/ul><div>\u00a0<\/div><p>O simples acesso a este s\u00edtio Web n\u00e3o implica qualquer tipo de rela\u00e7\u00e3o comercial entre <strong>AngoSAP <\/strong>e o Utilizador.<\/p>\t\t\t\t\t\t\t\t<\/div>\n\t\t\t\t<div class=\"elementor-element elementor-element-f7877e0 elementor-widget elementor-widget-text-editor\" data-id=\"f7877e0\" data-element_type=\"widget\" data-e-type=\"widget\" data-widget_type=\"text-editor.default\">\n\t\t\t\t\t\t\t\t\t<p>III. ACESSO E NAVEGA\u00c7\u00c3O NO S\u00cdTIO WEB: EXCLUS\u00c3O DE GARANTIAS E DE RESPONSABILIDADE<\/p>\t\t\t\t\t\t\t\t<\/div>\n\t\t\t\t<div class=\"elementor-element elementor-element-56dab34 elementor-widget elementor-widget-text-editor\" data-id=\"56dab34\" data-element_type=\"widget\" data-e-type=\"widget\" data-widget_type=\"text-editor.default\">\n\t\t\t\t\t\t\t\t\t<p><strong>AngoSAP <\/strong>n\u00e3o garante a continuidade, disponibilidade e utilidade do S\u00edtio Web, nem dos Conte\u00fados ou Servi\u00e7os. <strong>AngoSAP <\/strong>envidar\u00e1 todos os esfor\u00e7os para assegurar o bom funcionamento do s\u00edtio Web, mas n\u00e3o representa nem garante que o acesso ao s\u00edtio Web seja ininterrupto ou isento de erros.<\/p><p>Tamb\u00e9m n\u00e3o aceita qualquer responsabilidade ou garantia de que o conte\u00fado ou o software a que se pode aceder atrav\u00e9s deste s\u00edtio Web esteja isento de erros ou cause danos no sistema inform\u00e1tico (software e hardware) do Utilizador. Em caso algum <strong>AngoSAP <\/strong>ser\u00e1 respons\u00e1vel por quaisquer perdas, danos ou preju\u00edzos de qualquer tipo resultantes do acesso, navega\u00e7\u00e3o e utiliza\u00e7\u00e3o do s\u00edtio Web, incluindo, mas n\u00e3o se limitando a, perdas, danos ou preju\u00edzos causados a sistemas inform\u00e1ticos ou causados pela introdu\u00e7\u00e3o de v\u00edrus.<\/p><p><strong>AngoSAP <\/strong>n\u00e3o poder\u00e1 ser responsabilizada por quaisquer danos que possam ser causados aos utilizadores devido a uma utiliza\u00e7\u00e3o inadequada deste s\u00edtio Web. Em particular, n\u00e3o ser\u00e1 respons\u00e1vel, seja de que forma for, por quaisquer falhas, interrup\u00e7\u00f5es, avarias ou defeitos de telecomunica\u00e7\u00f5es que possam ocorrer.<\/p>\t\t\t\t\t\t\t\t<\/div>\n\t\t\t\t<div class=\"elementor-element elementor-element-1304676 elementor-widget elementor-widget-text-editor\" data-id=\"1304676\" data-element_type=\"widget\" data-e-type=\"widget\" data-widget_type=\"text-editor.default\">\n\t\t\t\t\t\t\t\t\t<p>IV. POL\u00cdTICA DE LIGA\u00c7\u00c3O<\/p>\t\t\t\t\t\t\t\t<\/div>\n\t\t\t\t<div class=\"elementor-element elementor-element-9370f1a elementor-widget elementor-widget-text-editor\" data-id=\"9370f1a\" data-element_type=\"widget\" data-e-type=\"widget\" data-widget_type=\"text-editor.default\">\n\t\t\t\t\t\t\t\t\t<p><strong>AngoSAP <\/strong>n\u00e3o oferece nem comercializa, ela pr\u00f3pria ou atrav\u00e9s de terceiros, os produtos e\/ou servi\u00e7os dispon\u00edveis nesses s\u00edtios ligados.<\/p><p>O Utilizador ou um terceiro que fa\u00e7a uma hiperliga\u00e7\u00e3o de uma p\u00e1gina Web de outro s\u00edtio Web diferente para o s\u00edtio Web de <strong>AngoSAP <\/strong>deve saber isso:<\/p><p>Nenhum dos Conte\u00fados e\/ou Servi\u00e7os do s\u00edtio Web pode ser reproduzido, no todo ou em parte, sem a autoriza\u00e7\u00e3o expressa de <strong>AngoSAP<\/strong>.<\/p><p>Nenhuma declara\u00e7\u00e3o falsa, inexacta ou incorrecta sobre o s\u00edtio Web de <strong>AngoSAP<\/strong>, nem sobre os Conte\u00fados e\/ou Servi\u00e7os do mesmo.<\/p><p>Com exce\u00e7\u00e3o da hiperliga\u00e7\u00e3o, o s\u00edtio Web em que se estabele\u00e7a a hiperliga\u00e7\u00e3o n\u00e3o conter\u00e1 nenhum elemento deste s\u00edtio Web que esteja protegido como propriedade intelectual pela legisla\u00e7\u00e3o espanhola, salvo autoriza\u00e7\u00e3o expressa de <strong>AngoSAP<\/strong>.<\/p><p>O estabelecimento da hiperliga\u00e7\u00e3o n\u00e3o implica a exist\u00eancia de rela\u00e7\u00f5es entre <strong>AngoSAP <\/strong>e o propriet\u00e1rio do s\u00edtio Web a partir do qual \u00e9 efectuada, nem o conhecimento e a aceita\u00e7\u00e3o de <strong>AngoSAP<\/strong>\u00a0dos conte\u00fados, servi\u00e7os e\/ou actividades oferecidos no referido s\u00edtio Web, e vice-versa.<\/p>\t\t\t\t\t\t\t\t<\/div>\n\t\t\t\t<div class=\"elementor-element elementor-element-e1e1c0c elementor-widget elementor-widget-text-editor\" data-id=\"e1e1c0c\" data-element_type=\"widget\" data-e-type=\"widget\" data-widget_type=\"text-editor.default\">\n\t\t\t\t\t\t\t\t\t<p>V. PROPRIEDADE INTELECTUAL E INDUSTRIAL<\/p>\t\t\t\t\t\t\t\t<\/div>\n\t\t\t\t<div class=\"elementor-element elementor-element-184526d elementor-widget elementor-widget-text-editor\" data-id=\"184526d\" data-element_type=\"widget\" data-e-type=\"widget\" data-widget_type=\"text-editor.default\">\n\t\t\t\t\t\t\t\t\t<p><strong>AngoSAP <\/strong>por si ou como cession\u00e1rio, \u00e9 titular de todos os direitos de propriedade intelectual e industrial do S\u00edtio Web, bem como dos elementos nele contidos (incluindo, entre outros, imagens, som, \u00e1udio, v\u00eddeo, software ou textos, marcas ou log\u00f3tipos, combina\u00e7\u00f5es de cores, estrutura e design, sele\u00e7\u00e3o de materiais utilizados, programas inform\u00e1ticos necess\u00e1rios para o seu funcionamento, acesso e utiliza\u00e7\u00e3o, etc.). Trata-se, portanto, de obras protegidas como propriedade intelectual pelo ordenamento jur\u00eddico espanhol, sendo-lhes aplic\u00e1vel tanto a normativa espanhola e comunit\u00e1ria na mat\u00e9ria, como os tratados internacionais relacionados com a mat\u00e9ria e subscritos por Espanha.<\/p><p>Todos os direitos reservados. Em conformidade com as disposi\u00e7\u00f5es da Lei da Propriedade Intelectual, a reprodu\u00e7\u00e3o, distribui\u00e7\u00e3o e comunica\u00e7\u00e3o p\u00fablica, incluindo a coloca\u00e7\u00e3o \u00e0 disposi\u00e7\u00e3o, de todo ou parte do conte\u00fado deste s\u00edtio Web, para fins comerciais, em qualquer suporte e por qualquer meio t\u00e9cnico, s\u00e3o expressamente proibidas sem a autoriza\u00e7\u00e3o de <strong>AngoSAP<\/strong>.<\/p><p>O Utilizador compromete-se a respeitar os direitos de propriedade intelectual e industrial de <strong>AngoSAP<\/strong>. O Utilizador pode visualizar os elementos do S\u00edtio Web ou mesmo imprimi-los, copi\u00e1-los e armazen\u00e1-los no disco r\u00edgido do seu computador ou em qualquer outro suporte f\u00edsico, desde que seja exclusivamente para seu uso pessoal. O Utilizador n\u00e3o pode, no entanto, remover, alterar ou manipular qualquer dispositivo de prote\u00e7\u00e3o ou sistema de seguran\u00e7a instalado no S\u00edtio Web.<\/p><p>Caso o Utilizador ou um terceiro considere que algum dos Conte\u00fados do S\u00edtio Web implica uma viola\u00e7\u00e3o dos direitos de prote\u00e7\u00e3o da propriedade intelectual, deve informar imediatamente <strong>AngoSAP <\/strong>atrav\u00e9s dos dados de contacto indicados na sec\u00e7\u00e3o INFORMA\u00c7\u00d5ES GERAIS do presente Aviso Legal e Condi\u00e7\u00f5es Gerais de Utiliza\u00e7\u00e3o.<\/p>\t\t\t\t\t\t\t\t<\/div>\n\t\t\t\t<div class=\"elementor-element elementor-element-c1f2767 elementor-widget elementor-widget-text-editor\" data-id=\"c1f2767\" data-element_type=\"widget\" data-e-type=\"widget\" data-widget_type=\"text-editor.default\">\n\t\t\t\t\t\t\t\t\t<p>VI. AC\u00c7\u00d5ES JUDICIAIS, DIREITO APLIC\u00c1VEL E JURISDI\u00c7\u00c3O<\/p>\t\t\t\t\t\t\t\t<\/div>\n\t\t\t\t<div class=\"elementor-element elementor-element-7981634 elementor-widget elementor-widget-text-editor\" data-id=\"7981634\" data-element_type=\"widget\" data-e-type=\"widget\" data-widget_type=\"text-editor.default\">\n\t\t\t\t\t\t\t\t\t<p><strong>AngoSAP <\/strong>reserva-se o direito de intentar qualquer a\u00e7\u00e3o civil ou penal que considere necess\u00e1ria por utiliza\u00e7\u00e3o indevida do S\u00edtio Web e dos seus Conte\u00fados, ou por viola\u00e7\u00e3o das presentes Condi\u00e7\u00f5es.<\/p><p>A rela\u00e7\u00e3o entre o Utilizador e <strong>AngoSAP <\/strong>reger-se-\u00e3o pelas normas vigentes e aplic\u00e1veis em territ\u00f3rio espanhol. Em caso de lit\u00edgio relacionado com a interpreta\u00e7\u00e3o e\/ou aplica\u00e7\u00e3o das presentes Condi\u00e7\u00f5es, as partes submeter\u00e3o os seus lit\u00edgios \u00e0 jurisdi\u00e7\u00e3o ordin\u00e1ria, submetendo-se aos ju\u00edzes e tribunais correspondentes de acordo com a lei.<\/p><p>Este documento de Aviso Legal e Condi\u00e7\u00f5es de Utiliza\u00e7\u00e3o foi criado utilizando o gerador de modelos de aviso legal e condi\u00e7\u00f5es de utiliza\u00e7\u00e3o online em 16\/07\/2021.<\/p>\t\t\t\t\t\t\t\t<\/div>\n\t\t\t\t\t<\/div>\n\t\t\t\t<\/div>\n\t\t\t\t<\/div>","protected":false},"excerpt":{"rendered":"<p>Aviso legal y condiciones generales de uso. I. INFORMACI\u00d3N GENERAL En cumplimiento con el deber de informaci\u00f3n dispuesto en la Ley 34\/2002 de Servicios de la Sociedad de la Informaci\u00f3n y el Comercio Electr\u00f3nico (LSSI-CE) de 11 de julio, se facilitan a continuaci\u00f3n los siguientes datos de informaci\u00f3n general de este sitio web: La titularidad [&hellip;]<\/p>\n","protected":false},"author":2,"featured_media":0,"parent":0,"menu_order":0,"comment_status":"closed","ping_status":"closed","template":"","meta":{"footnotes":""},"class_list":["post-43","page","type-page","status-publish","hentry"],"yoast_head":"<!-- This site is optimized with the Yoast SEO plugin v27.1.1 - https:\/\/yoast.com\/product\/yoast-seo-wordpress\/ -->\n<title>Aviso legal - Angosap<\/title>\n<meta name=\"robots\" content=\"index, follow, max-snippet:-1, max-image-preview:large, max-video-preview:-1\" \/>\n<link rel=\"canonical\" href=\"https:\/\/angosap.org\/pt\/aviso-legal\/\" \/>\n<meta property=\"og:locale\" content=\"pt_PT\" \/>\n<meta property=\"og:type\" content=\"article\" \/>\n<meta property=\"og:title\" content=\"Aviso legal - Angosap\" \/>\n<meta property=\"og:description\" content=\"Aviso legal y condiciones generales de uso. I. INFORMACI\u00d3N GENERAL En cumplimiento con el deber de informaci\u00f3n dispuesto en la Ley 34\/2002 de Servicios de la Sociedad de la Informaci\u00f3n y el Comercio Electr\u00f3nico (LSSI-CE) de 11 de julio, se facilitan a continuaci\u00f3n los siguientes datos de informaci\u00f3n general de este sitio web: La titularidad [&hellip;]\" \/>\n<meta property=\"og:url\" content=\"https:\/\/angosap.org\/pt\/aviso-legal\/\" \/>\n<meta property=\"og:site_name\" content=\"Angosap\" \/>\n<meta property=\"article:modified_time\" content=\"2026-01-14T09:36:11+00:00\" \/>\n<meta name=\"twitter:card\" content=\"summary_large_image\" \/>\n<meta name=\"twitter:label1\" content=\"Tempo estimado de leitura\" \/>\n\t<meta name=\"twitter:data1\" content=\"7 minutos\" \/>\n<script type=\"application\/ld+json\" class=\"yoast-schema-graph\">{\"@context\":\"https:\/\/schema.org\",\"@graph\":[{\"@type\":\"WebPage\",\"@id\":\"https:\/\/angosap.org\/aviso-legal\/\",\"url\":\"https:\/\/angosap.org\/aviso-legal\/\",\"name\":\"Aviso legal - Angosap\",\"isPartOf\":{\"@id\":\"https:\/\/angosap.org\/#website\"},\"datePublished\":\"2025-11-14T12:58:31+00:00\",\"dateModified\":\"2026-01-14T09:36:11+00:00\",\"breadcrumb\":{\"@id\":\"https:\/\/angosap.org\/aviso-legal\/#breadcrumb\"},\"inLanguage\":\"pt-PT\",\"potentialAction\":[{\"@type\":\"ReadAction\",\"target\":[\"https:\/\/angosap.org\/aviso-legal\/\"]}]},{\"@type\":\"BreadcrumbList\",\"@id\":\"https:\/\/angosap.org\/aviso-legal\/#breadcrumb\",\"itemListElement\":[{\"@type\":\"ListItem\",\"position\":1,\"name\":\"Portada\",\"item\":\"https:\/\/angosap.org\/\"},{\"@type\":\"ListItem\",\"position\":2,\"name\":\"Aviso legal\"}]},{\"@type\":\"WebSite\",\"@id\":\"https:\/\/angosap.org\/#website\",\"url\":\"https:\/\/angosap.org\/\",\"name\":\"Angosap\",\"description\":\"\",\"publisher\":{\"@id\":\"https:\/\/angosap.org\/#organization\"},\"potentialAction\":[{\"@type\":\"SearchAction\",\"target\":{\"@type\":\"EntryPoint\",\"urlTemplate\":\"https:\/\/angosap.org\/?s={search_term_string}\"},\"query-input\":{\"@type\":\"PropertyValueSpecification\",\"valueRequired\":true,\"valueName\":\"search_term_string\"}}],\"inLanguage\":\"pt-PT\"},{\"@type\":\"Organization\",\"@id\":\"https:\/\/angosap.org\/#organization\",\"name\":\"Angosap\",\"url\":\"https:\/\/angosap.org\/\",\"logo\":{\"@type\":\"ImageObject\",\"inLanguage\":\"pt-PT\",\"@id\":\"https:\/\/angosap.org\/#\/schema\/logo\/image\/\",\"url\":\"https:\/\/angosap.org\/wp-content\/uploads\/2025\/11\/ico-menu1.svg\",\"contentUrl\":\"https:\/\/angosap.org\/wp-content\/uploads\/2025\/11\/ico-menu1.svg\",\"width\":59,\"height\":39,\"caption\":\"Angosap\"},\"image\":{\"@id\":\"https:\/\/angosap.org\/#\/schema\/logo\/image\/\"}}]}<\/script>\n<!-- \/ Yoast SEO plugin. -->","yoast_head_json":{"title":"Aviso legal - Angosap","robots":{"index":"index","follow":"follow","max-snippet":"max-snippet:-1","max-image-preview":"max-image-preview:large","max-video-preview":"max-video-preview:-1"},"canonical":"https:\/\/angosap.org\/pt\/aviso-legal\/","og_locale":"pt_PT","og_type":"article","og_title":"Aviso legal - Angosap","og_description":"Aviso legal y condiciones generales de uso. I. INFORMACI\u00d3N GENERAL En cumplimiento con el deber de informaci\u00f3n dispuesto en la Ley 34\/2002 de Servicios de la Sociedad de la Informaci\u00f3n y el Comercio Electr\u00f3nico (LSSI-CE) de 11 de julio, se facilitan a continuaci\u00f3n los siguientes datos de informaci\u00f3n general de este sitio web: La titularidad [&hellip;]","og_url":"https:\/\/angosap.org\/pt\/aviso-legal\/","og_site_name":"Angosap","article_modified_time":"2026-01-14T09:36:11+00:00","twitter_card":"summary_large_image","twitter_misc":{"Tempo estimado de leitura":"7 minutos"},"schema":{"@context":"https:\/\/schema.org","@graph":[{"@type":"WebPage","@id":"https:\/\/angosap.org\/aviso-legal\/","url":"https:\/\/angosap.org\/aviso-legal\/","name":"Aviso legal - Angosap","isPartOf":{"@id":"https:\/\/angosap.org\/#website"},"datePublished":"2025-11-14T12:58:31+00:00","dateModified":"2026-01-14T09:36:11+00:00","breadcrumb":{"@id":"https:\/\/angosap.org\/aviso-legal\/#breadcrumb"},"inLanguage":"pt-PT","potentialAction":[{"@type":"ReadAction","target":["https:\/\/angosap.org\/aviso-legal\/"]}]},{"@type":"BreadcrumbList","@id":"https:\/\/angosap.org\/aviso-legal\/#breadcrumb","itemListElement":[{"@type":"ListItem","position":1,"name":"Portada","item":"https:\/\/angosap.org\/"},{"@type":"ListItem","position":2,"name":"Aviso legal"}]},{"@type":"WebSite","@id":"https:\/\/angosap.org\/#website","url":"https:\/\/angosap.org\/","name":"Angosap","description":"","publisher":{"@id":"https:\/\/angosap.org\/#organization"},"potentialAction":[{"@type":"SearchAction","target":{"@type":"EntryPoint","urlTemplate":"https:\/\/angosap.org\/?s={search_term_string}"},"query-input":{"@type":"PropertyValueSpecification","valueRequired":true,"valueName":"search_term_string"}}],"inLanguage":"pt-PT"},{"@type":"Organization","@id":"https:\/\/angosap.org\/#organization","name":"Angosap","url":"https:\/\/angosap.org\/","logo":{"@type":"ImageObject","inLanguage":"pt-PT","@id":"https:\/\/angosap.org\/#\/schema\/logo\/image\/","url":"https:\/\/angosap.org\/wp-content\/uploads\/2025\/11\/ico-menu1.svg","contentUrl":"https:\/\/angosap.org\/wp-content\/uploads\/2025\/11\/ico-menu1.svg","width":59,"height":39,"caption":"Angosap"},"image":{"@id":"https:\/\/angosap.org\/#\/schema\/logo\/image\/"}}]}},"_links":{"self":[{"href":"https:\/\/angosap.org\/pt\/wp-json\/wp\/v2\/pages\/43","targetHints":{"allow":["GET"]}}],"collection":[{"href":"https:\/\/angosap.org\/pt\/wp-json\/wp\/v2\/pages"}],"about":[{"href":"https:\/\/angosap.org\/pt\/wp-json\/wp\/v2\/types\/page"}],"author":[{"embeddable":true,"href":"https:\/\/angosap.org\/pt\/wp-json\/wp\/v2\/users\/2"}],"replies":[{"embeddable":true,"href":"https:\/\/angosap.org\/pt\/wp-json\/wp\/v2\/comments?post=43"}],"version-history":[{"count":10,"href":"https:\/\/angosap.org\/pt\/wp-json\/wp\/v2\/pages\/43\/revisions"}],"predecessor-version":[{"id":592,"href":"https:\/\/angosap.org\/pt\/wp-json\/wp\/v2\/pages\/43\/revisions\/592"}],"wp:attachment":[{"href":"https:\/\/angosap.org\/pt\/wp-json\/wp\/v2\/media?parent=43"}],"curies":[{"name":"wp","href":"https:\/\/api.w.org\/{rel}","templated":true}]}}