{"id":43,"date":"2025-11-14T13:58:31","date_gmt":"2025-11-14T12:58:31","guid":{"rendered":"https:\/\/angosap.org\/?page_id=43"},"modified":"2026-01-14T10:36:11","modified_gmt":"2026-01-14T09:36:11","slug":"aviso-legal","status":"publish","type":"page","link":"https:\/\/angosap.org\/en\/aviso-legal\/","title":{"rendered":"Legal notice"},"content":{"rendered":"<div data-elementor-type=\"wp-page\" data-elementor-id=\"43\" class=\"elementor elementor-43\" data-elementor-post-type=\"page\">\n\t\t\t\t<div class=\"elementor-element elementor-element-32807a0 e-flex e-con-boxed e-con e-parent\" data-id=\"32807a0\" data-element_type=\"container\" data-e-type=\"container\" data-settings=\"{&quot;background_background&quot;:&quot;classic&quot;}\">\n\t\t\t\t\t<div class=\"e-con-inner\">\n\t\t\t\t<div class=\"elementor-element elementor-element-20ac182 elementor-widget elementor-widget-heading\" data-id=\"20ac182\" data-element_type=\"widget\" data-e-type=\"widget\" data-widget_type=\"heading.default\">\n\t\t\t\t\t<h2 class=\"elementor-heading-title elementor-size-default\">Legal notice and general conditions of use.\n<\/h2>\t\t\t\t<\/div>\n\t\t\t\t<div class=\"elementor-element elementor-element-032ebc2 elementor-widget elementor-widget-text-editor\" data-id=\"032ebc2\" data-element_type=\"widget\" data-e-type=\"widget\" data-widget_type=\"text-editor.default\">\n\t\t\t\t\t\t\t\t\t<p>I. GENERAL INFORMATION<\/p>\t\t\t\t\t\t\t\t<\/div>\n\t\t\t\t<div class=\"elementor-element elementor-element-a0c7db0 elementor-widget elementor-widget-text-editor\" data-id=\"a0c7db0\" data-element_type=\"widget\" data-e-type=\"widget\" data-widget_type=\"text-editor.default\">\n\t\t\t\t\t\t\t\t\t<p>In compliance with the obligation to provide information as stipulated in Law 34\/2002 on Information Society Services and Electronic Commerce (LSSI-CE) of 11 July, the following general information on this website is provided below:<\/p><p>The ownership of this website, https:\/\/angosap.org, (hereinafter Website) is held by: <strong>AngoSAP<\/strong>, with NIF: xxxxx, whose contact details are:<\/p><p>Contact email: <strong><a href=\"mailto:gestion.angosap@gm.uca.es\">gestion.angosap@gm.uca.es<\/a><\/strong><\/p>\t\t\t\t\t\t\t\t<\/div>\n\t\t\t\t<div class=\"elementor-element elementor-element-86ac4a4 elementor-widget elementor-widget-text-editor\" data-id=\"86ac4a4\" data-element_type=\"widget\" data-e-type=\"widget\" data-widget_type=\"text-editor.default\">\n\t\t\t\t\t\t\t\t\t<p>II. GENERAL TERMS AND CONDITIONS OF USE<\/p>\t\t\t\t\t\t\t\t<\/div>\n\t\t\t\t<div class=\"elementor-element elementor-element-98c58f7 elementor-widget elementor-widget-text-editor\" data-id=\"98c58f7\" data-element_type=\"widget\" data-e-type=\"widget\" data-widget_type=\"text-editor.default\">\n\t\t\t\t\t\t\t\t\t<p>The subject matter of the terms and conditions: The Website<\/p>\t\t\t\t\t\t\t\t<\/div>\n\t\t\t\t<div class=\"elementor-element elementor-element-90a3831 elementor-widget elementor-widget-text-editor\" data-id=\"90a3831\" data-element_type=\"widget\" data-e-type=\"widget\" data-widget_type=\"text-editor.default\">\n\t\t\t\t\t\t\t\t\t<p>The purpose of these General Conditions of Use (hereinafter, Conditions) is to regulate access to and use of the Website. For the purposes of these Terms and Conditions, the Website shall be understood to mean: the external appearance of the screen interfaces, both static and dynamic, i.e. the navigation tree; and all the elements integrated both in the screen interfaces and in the navigation tree (hereinafter, Content) and all those online services or resources that may be offered to Users (hereinafter, Services).<\/p><p><strong>AngoSAP <\/strong>reserves the right to modify, at any time and without prior notice, the presentation and configuration of the Website and the Content and Services that may be incorporated therein. The User acknowledges and accepts that at any time <strong>AngoSAP <\/strong>may interrupt, deactivate and\/or cancel any of these elements that are integrated in the Website or access to them.<\/p>\t\t\t\t\t\t\t\t<\/div>\n\t\t\t\t<div class=\"elementor-element elementor-element-f01721f elementor-widget elementor-widget-text-editor\" data-id=\"f01721f\" data-element_type=\"widget\" data-e-type=\"widget\" data-widget_type=\"text-editor.default\">\n\t\t\t\t\t\t\t\t\t<p>The User<\/p>\t\t\t\t\t\t\t\t<\/div>\n\t\t\t\t<div class=\"elementor-element elementor-element-02a634c elementor-widget elementor-widget-text-editor\" data-id=\"02a634c\" data-element_type=\"widget\" data-e-type=\"widget\" data-widget_type=\"text-editor.default\">\n\t\t\t\t\t\t\t\t\t<p>Access, browsing and use of the Website confers the condition of User, and therefore, from the moment browsing the Website begins, the User accepts all the Conditions established herein, as well as any subsequent modifications, without prejudice to the application of the corresponding legal regulations that must be complied with according to each case. Given the relevance of the above, the User is recommended to read them every time he\/she visits the Website.<\/p><p>The website of <strong>AngoSAP <\/strong>provides a wide range of information, services and data. The User assumes responsibility for the correct use of the Website. This responsibility extends to:<\/p><ul><li>A use of the information, Content and\/or Services and data offered by <strong>AngoSAP <\/strong>without being contrary to the provisions of these Conditions, the Law, morality or public order, or that in any other way may be detrimental to the rights of third parties or to the operation of the Website.<\/li><li>The truthfulness and legality of the information provided by the User on the forms provided by <strong>AngoSAP <\/strong>for access to certain Content or Services offered by the Website. In any case, the User shall immediately notify to <strong>AngoSAP <\/strong>about any event that allows the improper use of the information registered in such forms, such as, but not limited to, theft, loss, or unauthorised access to identifiers and\/or passwords, in order to proceed to their immediate cancellation.<\/li><\/ul><div>\u00a0<\/div><p>Mere access to this Website does not imply any kind of commercial relationship between <strong>AngoSAP <\/strong>and the User.<\/p>\t\t\t\t\t\t\t\t<\/div>\n\t\t\t\t<div class=\"elementor-element elementor-element-f7877e0 elementor-widget elementor-widget-text-editor\" data-id=\"f7877e0\" data-element_type=\"widget\" data-e-type=\"widget\" data-widget_type=\"text-editor.default\">\n\t\t\t\t\t\t\t\t\t<p>III. ACCESS AND NAVIGATION ON THE WEBSITE: EXCLUSION OF WARRANTIES AND LIABILITY<\/p>\t\t\t\t\t\t\t\t<\/div>\n\t\t\t\t<div class=\"elementor-element elementor-element-56dab34 elementor-widget elementor-widget-text-editor\" data-id=\"56dab34\" data-element_type=\"widget\" data-e-type=\"widget\" data-widget_type=\"text-editor.default\">\n\t\t\t\t\t\t\t\t\t<p><strong>AngoSAP <\/strong>does not guarantee the continuity, availability and usefulness of the Website, or of the Content or Services. <strong>AngoSAP <\/strong>will make every effort to ensure the smooth operation of the Website, but makes no representation or warranty that access to the Website will be uninterrupted or error-free.<\/p><p>Nor does it accept any responsibility or guarantee that the content or software that can be accessed through this Website is free from error or causes damage to the User's computer system (software and hardware). Under no circumstances <strong>AngoSAP <\/strong>shall be liable for any loss, damage or harm of any kind arising from accessing, browsing and using the Website, including, but not limited to, loss, damage or harm caused to computer systems or caused by the introduction of viruses.<\/p><p><strong>AngoSAP <\/strong>shall not be held liable for any damages that may be caused to users due to inappropriate use of this Website. In particular, it shall not be liable in any way whatsoever for any telecommunications failures, interruptions, faults or defects that may occur.<\/p>\t\t\t\t\t\t\t\t<\/div>\n\t\t\t\t<div class=\"elementor-element elementor-element-1304676 elementor-widget elementor-widget-text-editor\" data-id=\"1304676\" data-element_type=\"widget\" data-e-type=\"widget\" data-widget_type=\"text-editor.default\">\n\t\t\t\t\t\t\t\t\t<p>IV. LINKING POLICY<\/p>\t\t\t\t\t\t\t\t<\/div>\n\t\t\t\t<div class=\"elementor-element elementor-element-9370f1a elementor-widget elementor-widget-text-editor\" data-id=\"9370f1a\" data-element_type=\"widget\" data-e-type=\"widget\" data-widget_type=\"text-editor.default\">\n\t\t\t\t\t\t\t\t\t<p><strong>AngoSAP <\/strong>does not itself or through third parties offer or market the products and\/or services available on such linked sites.<\/p><p>The User or third party who makes a hyperlink from a web page of another, different, website to the Website of <strong>AngoSAP <\/strong>should know that:<\/p><p>None of the Content and\/or Services of the Website may be reproduced, in whole or in part, without the express permission of <strong>AngoSAP<\/strong>.<\/p><p>No false, inaccurate or incorrect representations about the website of <strong>AngoSAP<\/strong>, nor on the Contents and\/or Services of the same.<\/p><p>With the exception of the hyperlink, the website on which the hyperlink is established shall not contain any element of this Website that is protected as intellectual property by Spanish law, unless expressly authorised by <strong>AngoSAP<\/strong>.<\/p><p>The establishment of the hyperlink shall not imply the existence of relationships between <strong>AngoSAP <\/strong>and the owner of the website from which it is carried out, nor the knowledge and acceptance of <strong>AngoSAP<\/strong>\u00a0of the contents, services and\/or activities offered on said website, and vice versa.<\/p>\t\t\t\t\t\t\t\t<\/div>\n\t\t\t\t<div class=\"elementor-element elementor-element-e1e1c0c elementor-widget elementor-widget-text-editor\" data-id=\"e1e1c0c\" data-element_type=\"widget\" data-e-type=\"widget\" data-widget_type=\"text-editor.default\">\n\t\t\t\t\t\t\t\t\t<p>V. INTELLECTUAL AND INDUSTRIAL PROPERTY<\/p>\t\t\t\t\t\t\t\t<\/div>\n\t\t\t\t<div class=\"elementor-element elementor-element-184526d elementor-widget elementor-widget-text-editor\" data-id=\"184526d\" data-element_type=\"widget\" data-e-type=\"widget\" data-widget_type=\"text-editor.default\">\n\t\t\t\t\t\t\t\t\t<p><strong>AngoSAP <\/strong>by itself or as an assignee, is the owner of all intellectual and industrial property rights of the Website, as well as of the elements contained therein (including, but not limited to, images, sound, audio, video, software or texts, trademarks or logos, colour combinations, structure and design, selection of materials used, computer programs necessary for its operation, access and use, etc.). They are, therefore, works protected as intellectual property by the Spanish legal system, being applicable to them both the Spanish and Community regulations in this field, as well as the international treaties relating to the matter and signed by Spain.<\/p><p>All rights reserved. In accordance with the provisions of the Intellectual Property Law, the reproduction, distribution and public communication, including making available, of all or part of the contents of this website, for commercial purposes, on any medium and by any technical means, are expressly prohibited without the authorisation of <strong>AngoSAP<\/strong>.<\/p><p>The User undertakes to respect the intellectual and industrial property rights of <strong>AngoSAP<\/strong>. You may view the elements of the Website or even print them, copy them and store them on the hard drive of your computer or on any other physical medium as long as this is exclusively for your personal use. The User, however, may not remove, alter or manipulate any protection device or security system installed on the Website.<\/p><p>In the event that the User or third party considers that any of the Contents of the Website involves a violation of the rights of protection of intellectual property, he\/she should immediately inform <strong>AngoSAP <\/strong>via the contact details in the GENERAL INFORMATION section of this Legal Notice and General Conditions of Use.<\/p>\t\t\t\t\t\t\t\t<\/div>\n\t\t\t\t<div class=\"elementor-element elementor-element-c1f2767 elementor-widget elementor-widget-text-editor\" data-id=\"c1f2767\" data-element_type=\"widget\" data-e-type=\"widget\" data-widget_type=\"text-editor.default\">\n\t\t\t\t\t\t\t\t\t<p>VI. LEGAL ACTIONS, APPLICABLE LAW AND JURISDICTION<\/p>\t\t\t\t\t\t\t\t<\/div>\n\t\t\t\t<div class=\"elementor-element elementor-element-7981634 elementor-widget elementor-widget-text-editor\" data-id=\"7981634\" data-element_type=\"widget\" data-e-type=\"widget\" data-widget_type=\"text-editor.default\">\n\t\t\t\t\t\t\t\t\t<p><strong>AngoSAP <\/strong>reserves the right to bring any civil or criminal action it deems necessary for improper use of the Website and its Contents, or for breach of these Conditions.<\/p><p>The relationship between the User and <strong>AngoSAP <\/strong>shall be governed by the regulations in force and applicable in Spanish territory. Should any dispute arise in relation to the interpretation and\/or application of these Conditions, the parties shall submit their disputes to the ordinary jurisdiction, submitting themselves to the judges and courts that correspond according to law.<\/p><p>This Legal Notice and Terms of Use document was created using the online legal notice and terms of use template generator on 16\/07\/2021.<\/p>\t\t\t\t\t\t\t\t<\/div>\n\t\t\t\t\t<\/div>\n\t\t\t\t<\/div>\n\t\t\t\t<\/div>","protected":false},"excerpt":{"rendered":"<p>Aviso legal y condiciones generales de uso. I. INFORMACI\u00d3N GENERAL En cumplimiento con el deber de informaci\u00f3n dispuesto en la Ley 34\/2002 de Servicios de la Sociedad de la Informaci\u00f3n y el Comercio Electr\u00f3nico (LSSI-CE) de 11 de julio, se facilitan a continuaci\u00f3n los siguientes datos de informaci\u00f3n general de este sitio web: La titularidad [&hellip;]<\/p>\n","protected":false},"author":2,"featured_media":0,"parent":0,"menu_order":0,"comment_status":"closed","ping_status":"closed","template":"","meta":{"footnotes":""},"class_list":["post-43","page","type-page","status-publish","hentry"],"yoast_head":"<!-- This site is optimized with the Yoast SEO plugin v27.1.1 - https:\/\/yoast.com\/product\/yoast-seo-wordpress\/ -->\n<title>Aviso legal - Angosap<\/title>\n<meta name=\"robots\" content=\"index, follow, max-snippet:-1, max-image-preview:large, max-video-preview:-1\" \/>\n<link rel=\"canonical\" href=\"https:\/\/angosap.org\/en\/aviso-legal\/\" \/>\n<meta property=\"og:locale\" content=\"en_GB\" \/>\n<meta property=\"og:type\" content=\"article\" \/>\n<meta property=\"og:title\" content=\"Aviso legal - Angosap\" \/>\n<meta property=\"og:description\" content=\"Aviso legal y condiciones generales de uso. I. INFORMACI\u00d3N GENERAL En cumplimiento con el deber de informaci\u00f3n dispuesto en la Ley 34\/2002 de Servicios de la Sociedad de la Informaci\u00f3n y el Comercio Electr\u00f3nico (LSSI-CE) de 11 de julio, se facilitan a continuaci\u00f3n los siguientes datos de informaci\u00f3n general de este sitio web: La titularidad [&hellip;]\" \/>\n<meta property=\"og:url\" content=\"https:\/\/angosap.org\/en\/aviso-legal\/\" \/>\n<meta property=\"og:site_name\" content=\"Angosap\" \/>\n<meta property=\"article:modified_time\" content=\"2026-01-14T09:36:11+00:00\" \/>\n<meta name=\"twitter:card\" content=\"summary_large_image\" \/>\n<meta name=\"twitter:label1\" content=\"Estimated reading time\" \/>\n\t<meta name=\"twitter:data1\" content=\"7 minutes\" \/>\n<script type=\"application\/ld+json\" class=\"yoast-schema-graph\">{\"@context\":\"https:\/\/schema.org\",\"@graph\":[{\"@type\":\"WebPage\",\"@id\":\"https:\/\/angosap.org\/aviso-legal\/\",\"url\":\"https:\/\/angosap.org\/aviso-legal\/\",\"name\":\"Aviso legal - Angosap\",\"isPartOf\":{\"@id\":\"https:\/\/angosap.org\/#website\"},\"datePublished\":\"2025-11-14T12:58:31+00:00\",\"dateModified\":\"2026-01-14T09:36:11+00:00\",\"breadcrumb\":{\"@id\":\"https:\/\/angosap.org\/aviso-legal\/#breadcrumb\"},\"inLanguage\":\"en-GB\",\"potentialAction\":[{\"@type\":\"ReadAction\",\"target\":[\"https:\/\/angosap.org\/aviso-legal\/\"]}]},{\"@type\":\"BreadcrumbList\",\"@id\":\"https:\/\/angosap.org\/aviso-legal\/#breadcrumb\",\"itemListElement\":[{\"@type\":\"ListItem\",\"position\":1,\"name\":\"Portada\",\"item\":\"https:\/\/angosap.org\/\"},{\"@type\":\"ListItem\",\"position\":2,\"name\":\"Aviso legal\"}]},{\"@type\":\"WebSite\",\"@id\":\"https:\/\/angosap.org\/#website\",\"url\":\"https:\/\/angosap.org\/\",\"name\":\"Angosap\",\"description\":\"\",\"publisher\":{\"@id\":\"https:\/\/angosap.org\/#organization\"},\"potentialAction\":[{\"@type\":\"SearchAction\",\"target\":{\"@type\":\"EntryPoint\",\"urlTemplate\":\"https:\/\/angosap.org\/?s={search_term_string}\"},\"query-input\":{\"@type\":\"PropertyValueSpecification\",\"valueRequired\":true,\"valueName\":\"search_term_string\"}}],\"inLanguage\":\"en-GB\"},{\"@type\":\"Organization\",\"@id\":\"https:\/\/angosap.org\/#organization\",\"name\":\"Angosap\",\"url\":\"https:\/\/angosap.org\/\",\"logo\":{\"@type\":\"ImageObject\",\"inLanguage\":\"en-GB\",\"@id\":\"https:\/\/angosap.org\/#\/schema\/logo\/image\/\",\"url\":\"https:\/\/angosap.org\/wp-content\/uploads\/2025\/11\/ico-menu1.svg\",\"contentUrl\":\"https:\/\/angosap.org\/wp-content\/uploads\/2025\/11\/ico-menu1.svg\",\"width\":59,\"height\":39,\"caption\":\"Angosap\"},\"image\":{\"@id\":\"https:\/\/angosap.org\/#\/schema\/logo\/image\/\"}}]}<\/script>\n<!-- \/ Yoast SEO plugin. -->","yoast_head_json":{"title":"Aviso legal - Angosap","robots":{"index":"index","follow":"follow","max-snippet":"max-snippet:-1","max-image-preview":"max-image-preview:large","max-video-preview":"max-video-preview:-1"},"canonical":"https:\/\/angosap.org\/en\/aviso-legal\/","og_locale":"en_GB","og_type":"article","og_title":"Aviso legal - Angosap","og_description":"Aviso legal y condiciones generales de uso. I. INFORMACI\u00d3N GENERAL En cumplimiento con el deber de informaci\u00f3n dispuesto en la Ley 34\/2002 de Servicios de la Sociedad de la Informaci\u00f3n y el Comercio Electr\u00f3nico (LSSI-CE) de 11 de julio, se facilitan a continuaci\u00f3n los siguientes datos de informaci\u00f3n general de este sitio web: La titularidad [&hellip;]","og_url":"https:\/\/angosap.org\/en\/aviso-legal\/","og_site_name":"Angosap","article_modified_time":"2026-01-14T09:36:11+00:00","twitter_card":"summary_large_image","twitter_misc":{"Estimated reading time":"7 minutes"},"schema":{"@context":"https:\/\/schema.org","@graph":[{"@type":"WebPage","@id":"https:\/\/angosap.org\/aviso-legal\/","url":"https:\/\/angosap.org\/aviso-legal\/","name":"Aviso legal - Angosap","isPartOf":{"@id":"https:\/\/angosap.org\/#website"},"datePublished":"2025-11-14T12:58:31+00:00","dateModified":"2026-01-14T09:36:11+00:00","breadcrumb":{"@id":"https:\/\/angosap.org\/aviso-legal\/#breadcrumb"},"inLanguage":"en-GB","potentialAction":[{"@type":"ReadAction","target":["https:\/\/angosap.org\/aviso-legal\/"]}]},{"@type":"BreadcrumbList","@id":"https:\/\/angosap.org\/aviso-legal\/#breadcrumb","itemListElement":[{"@type":"ListItem","position":1,"name":"Portada","item":"https:\/\/angosap.org\/"},{"@type":"ListItem","position":2,"name":"Aviso legal"}]},{"@type":"WebSite","@id":"https:\/\/angosap.org\/#website","url":"https:\/\/angosap.org\/","name":"Angosap","description":"","publisher":{"@id":"https:\/\/angosap.org\/#organization"},"potentialAction":[{"@type":"SearchAction","target":{"@type":"EntryPoint","urlTemplate":"https:\/\/angosap.org\/?s={search_term_string}"},"query-input":{"@type":"PropertyValueSpecification","valueRequired":true,"valueName":"search_term_string"}}],"inLanguage":"en-GB"},{"@type":"Organization","@id":"https:\/\/angosap.org\/#organization","name":"Angosap","url":"https:\/\/angosap.org\/","logo":{"@type":"ImageObject","inLanguage":"en-GB","@id":"https:\/\/angosap.org\/#\/schema\/logo\/image\/","url":"https:\/\/angosap.org\/wp-content\/uploads\/2025\/11\/ico-menu1.svg","contentUrl":"https:\/\/angosap.org\/wp-content\/uploads\/2025\/11\/ico-menu1.svg","width":59,"height":39,"caption":"Angosap"},"image":{"@id":"https:\/\/angosap.org\/#\/schema\/logo\/image\/"}}]}},"_links":{"self":[{"href":"https:\/\/angosap.org\/en\/wp-json\/wp\/v2\/pages\/43","targetHints":{"allow":["GET"]}}],"collection":[{"href":"https:\/\/angosap.org\/en\/wp-json\/wp\/v2\/pages"}],"about":[{"href":"https:\/\/angosap.org\/en\/wp-json\/wp\/v2\/types\/page"}],"author":[{"embeddable":true,"href":"https:\/\/angosap.org\/en\/wp-json\/wp\/v2\/users\/2"}],"replies":[{"embeddable":true,"href":"https:\/\/angosap.org\/en\/wp-json\/wp\/v2\/comments?post=43"}],"version-history":[{"count":10,"href":"https:\/\/angosap.org\/en\/wp-json\/wp\/v2\/pages\/43\/revisions"}],"predecessor-version":[{"id":592,"href":"https:\/\/angosap.org\/en\/wp-json\/wp\/v2\/pages\/43\/revisions\/592"}],"wp:attachment":[{"href":"https:\/\/angosap.org\/en\/wp-json\/wp\/v2\/media?parent=43"}],"curies":[{"name":"wp","href":"https:\/\/api.w.org\/{rel}","templated":true}]}}