{"id":240,"date":"2025-12-05T12:17:50","date_gmt":"2025-12-05T11:17:50","guid":{"rendered":"https:\/\/angosap.org\/?page_id=240"},"modified":"2025-12-09T11:36:10","modified_gmt":"2025-12-09T10:36:10","slug":"detalle-servicio","status":"publish","type":"page","link":"https:\/\/angosap.org\/en\/servicios\/detalle-servicio\/","title":{"rendered":"Detalle-servicio"},"content":{"rendered":"<div data-elementor-type=\"wp-page\" data-elementor-id=\"240\" class=\"elementor elementor-240\" data-elementor-post-type=\"page\">\n\t\t\t\t<div class=\"elementor-element elementor-element-ba78036 e-flex e-con-boxed e-con e-parent\" data-id=\"ba78036\" data-element_type=\"container\" data-e-type=\"container\" data-settings=\"{&quot;background_background&quot;:&quot;classic&quot;}\">\n\t\t\t\t\t<div class=\"e-con-inner\">\n\t\t<div class=\"elementor-element elementor-element-39a4478 e-con-full e-flex e-con e-child\" data-id=\"39a4478\" data-element_type=\"container\" data-e-type=\"container\">\n\t\t\t\t<div class=\"elementor-element elementor-element-51f01ba elementor-widget__width-initial elementor-widget elementor-widget-heading\" data-id=\"51f01ba\" data-element_type=\"widget\" data-e-type=\"widget\" data-widget_type=\"heading.default\">\n\t\t\t\t\t<h1 class=\"elementor-heading-title elementor-size-default\">Atenci\u00f3n psicol\u00f3gica<br> individual<\/h1>\t\t\t\t<\/div>\n\t\t\t\t<\/div>\n\t\t<div class=\"elementor-element elementor-element-07d100d e-con-full e-flex e-con e-child\" data-id=\"07d100d\" data-element_type=\"container\" data-e-type=\"container\">\n\t\t\t\t<div class=\"elementor-element elementor-element-38d5924 elementor-widget__width-initial elementor-widget-divider--view-line elementor-widget elementor-widget-divider\" data-id=\"38d5924\" data-element_type=\"widget\" data-e-type=\"widget\" data-widget_type=\"divider.default\">\n\t\t\t\t\t\t\t<div class=\"elementor-divider\">\n\t\t\t<span class=\"elementor-divider-separator\">\n\t\t\t\t\t\t<\/span>\n\t\t<\/div>\n\t\t\t\t\t\t<\/div>\n\t\t\t\t<div class=\"elementor-element elementor-element-b9bd953 elementor-widget elementor-widget-text-editor\" data-id=\"b9bd953\" data-element_type=\"widget\" data-e-type=\"widget\" data-widget_type=\"text-editor.default\">\n\t\t\t\t\t\t\t\t\t<p><strong>Fundadora:<\/strong><br \/>Silvia Cano<\/p><p><strong>Comunicaci\u00f3n:<\/strong><br \/>Instagram @yourclinic<br \/>Silvia Cano<\/p>\t\t\t\t\t\t\t\t<\/div>\n\t\t\t\t<div class=\"elementor-element elementor-element-c4a0c68 elementor-widget__width-initial elementor-align-justify elementor-tablet-align-left elementor-widget-tablet__width-inherit elementor-widget elementor-widget-button\" data-id=\"c4a0c68\" data-element_type=\"widget\" data-e-type=\"widget\" data-widget_type=\"button.default\">\n\t\t\t\t\t\t\t\t\t\t<a class=\"elementor-button elementor-button-link elementor-size-sm\" href=\"#\">\n\t\t\t\t\t\t<span class=\"elementor-button-content-wrapper\">\n\t\t\t\t\t\t\t\t\t<span class=\"elementor-button-text\">Contactar<\/span>\n\t\t\t\t\t<\/span>\n\t\t\t\t\t<\/a>\n\t\t\t\t\t\t\t\t<\/div>\n\t\t\t\t<\/div>\n\t\t<div class=\"elementor-element elementor-element-398d1e8 e-con-full e-flex e-con e-child\" data-id=\"398d1e8\" data-element_type=\"container\" data-e-type=\"container\">\n\t\t\t\t<div class=\"elementor-element elementor-element-6d34d12 elementor-widget elementor-widget-image\" data-id=\"6d34d12\" data-element_type=\"widget\" data-e-type=\"widget\" data-widget_type=\"image.default\">\n\t\t\t\t\t\t\t\t\t\t\t\t\t\t\t<img fetchpriority=\"high\" decoding=\"async\" width=\"645\" height=\"429\" src=\"https:\/\/angosap.org\/wp-content\/uploads\/2025\/11\/img-servicio1.webp\" class=\"attachment-full size-full wp-image-100\" alt=\"\" srcset=\"https:\/\/angosap.org\/wp-content\/uploads\/2025\/11\/img-servicio1.webp 645w, https:\/\/angosap.org\/wp-content\/uploads\/2025\/11\/img-servicio1-300x200.webp 300w\" sizes=\"(max-width: 645px) 100vw, 645px\" \/>\t\t\t\t\t\t\t\t\t\t\t\t\t\t\t<\/div>\n\t\t\t\t<div class=\"elementor-element elementor-element-d0f5618 elementor-widget elementor-widget-text-editor\" data-id=\"d0f5618\" data-element_type=\"widget\" data-e-type=\"widget\" data-widget_type=\"text-editor.default\">\n\t\t\t\t\t\t\t\t\t<p>Lorem ipsum dolor sit amet, consectetur adipiscing elit, sed do eiusmod tempor incididunt ut labore et dolore magna aliqua. Ut enim ad minim veniam, quis nostrud exercitation ullamco laboris nisi ut aliquip ex ea commodo consequat. Duis aute irure dolor in reprehenderit in voluptate velit esse cillum dolore eu fugiat nulla pariatur. Excepteur sint occaecat cupidatat non proident, sunt in culpa qui officia deserunt mollit anim id est laborum.<\/p>\t\t\t\t\t\t\t\t<\/div>\n\t\t<div class=\"elementor-element elementor-element-9828ee6 e-con-full e-flex e-con e-child\" data-id=\"9828ee6\" data-element_type=\"container\" data-e-type=\"container\">\n\t\t\t\t<div class=\"elementor-element elementor-element-e489ff5 elementor-widget__width-initial elementor-widget elementor-widget-text-editor\" data-id=\"e489ff5\" data-element_type=\"widget\" data-e-type=\"widget\" data-widget_type=\"text-editor.default\">\n\t\t\t\t\t\t\t\t\t<p>\u00abLorem ipsum dolor sit amet, consectetur adipiscing elit, sed do eiusmod tempor incididunt ut labore et dolore magna aliqua. Ut enim ad minim veniam, quis nostrud exercitation ullamco laboris nisi ut aliquip ex ea commodo consequat. Duis aute irure dolor in reprehenderit in voluptate velit esse cillum dolore eu fugiat nulla pariatur. Excepteur sint occaecat cupidatat non proident, sunt in culpa qui officia deserunt mollit anim id est laborum.\u00bb<\/p>\t\t\t\t\t\t\t\t<\/div>\n\t\t\t\t<\/div>\n\t\t\t\t<div class=\"elementor-element elementor-element-b6700b9 elementor-widget__width-initial elementor-widget elementor-widget-heading\" data-id=\"b6700b9\" data-element_type=\"widget\" data-e-type=\"widget\" data-widget_type=\"heading.default\">\n\t\t\t\t\t<h2 class=\"elementor-heading-title elementor-size-default\">Atenci\u00f3n psicol\u00f3gica individual\n<\/h2>\t\t\t\t<\/div>\n\t\t\t\t<div class=\"elementor-element elementor-element-b7470bc elementor-widget elementor-widget-text-editor\" data-id=\"b7470bc\" data-element_type=\"widget\" data-e-type=\"widget\" data-widget_type=\"text-editor.default\">\n\t\t\t\t\t\t\t\t\t<p>Sed ut perspiciatis unde omnis iste natus error sit voluptatem accusantium doloremque laudantium, totam rem aperiam, eaque ipsa quae ab illo inventore veritatis et quasi architecto beatae vitae dicta sunt explicabo. Nemo enim ipsam voluptatem quia voluptas sit aspernatur aut odit aut fugit, sed quia consequuntur magni dolores eos qui ratione voluptatem sequi nesciunt. Neque porro quisquam est, qui dolorem ipsum quia dolor sit amet, consectetur, adipisci velit, sed quia non numquam eius modi tempora incidunt ut labore et dolore magnam aliquam quaerat voluptatem. Ut enim ad minima veniam, quis nostrum exercitationem ullam corporis suscipit laboriosam, nisi ut aliquid ex ea commodi consequatur? Quis autem vel eum iure reprehenderit qui in ea voluptate velit esse quam nihil molestiae consequatur, vel illum qui dolorem eum fugiat quo voluptas nulla pariatur?<\/p>\t\t\t\t\t\t\t\t<\/div>\n\t\t\t\t<\/div>\n\t\t\t\t\t<\/div>\n\t\t\t\t<\/div>\n\t\t\t\t<\/div>","protected":false},"excerpt":{"rendered":"<p>Atenci\u00f3n psicol\u00f3gica individual Fundadora:Silvia Cano Comunicaci\u00f3n:Instagram @yourclinicSilvia Cano Contactar Lorem ipsum dolor sit amet, consectetur adipiscing elit, sed do eiusmod tempor incididunt ut labore et dolore magna aliqua. Ut enim ad minim veniam, quis nostrud exercitation ullamco laboris nisi ut aliquip ex ea commodo consequat. Duis aute irure dolor in reprehenderit in voluptate velit esse [&hellip;]<\/p>\n","protected":false},"author":2,"featured_media":0,"parent":168,"menu_order":0,"comment_status":"closed","ping_status":"closed","template":"","meta":{"footnotes":""},"class_list":["post-240","page","type-page","status-publish","hentry"],"yoast_head":"<!-- This site is optimized with the Yoast SEO plugin v27.1.1 - https:\/\/yoast.com\/product\/yoast-seo-wordpress\/ -->\n<title>Detalle-servicio - Angosap<\/title>\n<meta name=\"robots\" content=\"index, follow, max-snippet:-1, max-image-preview:large, max-video-preview:-1\" \/>\n<link rel=\"canonical\" href=\"https:\/\/angosap.org\/en\/servicios\/detalle-servicio\/\" \/>\n<meta property=\"og:locale\" content=\"en_GB\" \/>\n<meta property=\"og:type\" content=\"article\" \/>\n<meta property=\"og:title\" content=\"Detalle-servicio - Angosap\" \/>\n<meta property=\"og:description\" content=\"Atenci\u00f3n psicol\u00f3gica individual Fundadora:Silvia Cano Comunicaci\u00f3n:Instagram @yourclinicSilvia Cano Contactar Lorem ipsum dolor sit amet, consectetur adipiscing elit, sed do eiusmod tempor incididunt ut labore et dolore magna aliqua. Ut enim ad minim veniam, quis nostrud exercitation ullamco laboris nisi ut aliquip ex ea commodo consequat. Duis aute irure dolor in reprehenderit in voluptate velit esse [&hellip;]\" \/>\n<meta property=\"og:url\" content=\"https:\/\/angosap.org\/en\/servicios\/detalle-servicio\/\" \/>\n<meta property=\"og:site_name\" content=\"Angosap\" \/>\n<meta property=\"article:modified_time\" content=\"2025-12-09T10:36:10+00:00\" \/>\n<meta property=\"og:image\" content=\"https:\/\/angosap.org\/http:\/\/angosap.org\/wp-content\/uploads\/2025\/11\/img-servicio1.webp\" \/>\n<meta name=\"twitter:card\" content=\"summary_large_image\" \/>\n<meta name=\"twitter:label1\" content=\"Estimated reading time\" \/>\n\t<meta name=\"twitter:data1\" content=\"1 minute\" \/>\n<script type=\"application\/ld+json\" class=\"yoast-schema-graph\">{\"@context\":\"https:\/\/schema.org\",\"@graph\":[{\"@type\":\"WebPage\",\"@id\":\"https:\/\/angosap.org\/servicios\/detalle-servicio\/\",\"url\":\"https:\/\/angosap.org\/servicios\/detalle-servicio\/\",\"name\":\"Detalle-servicio - Angosap\",\"isPartOf\":{\"@id\":\"https:\/\/angosap.org\/#website\"},\"primaryImageOfPage\":{\"@id\":\"https:\/\/angosap.org\/servicios\/detalle-servicio\/#primaryimage\"},\"image\":{\"@id\":\"https:\/\/angosap.org\/servicios\/detalle-servicio\/#primaryimage\"},\"thumbnailUrl\":\"https:\/\/angosap.org\/http:\/\/angosap.org\/wp-content\/uploads\/2025\/11\/img-servicio1.webp\",\"datePublished\":\"2025-12-05T11:17:50+00:00\",\"dateModified\":\"2025-12-09T10:36:10+00:00\",\"breadcrumb\":{\"@id\":\"https:\/\/angosap.org\/servicios\/detalle-servicio\/#breadcrumb\"},\"inLanguage\":\"en-GB\",\"potentialAction\":[{\"@type\":\"ReadAction\",\"target\":[\"https:\/\/angosap.org\/servicios\/detalle-servicio\/\"]}]},{\"@type\":\"ImageObject\",\"inLanguage\":\"en-GB\",\"@id\":\"https:\/\/angosap.org\/servicios\/detalle-servicio\/#primaryimage\",\"url\":\"https:\/\/angosap.org\/http:\/\/angosap.org\/wp-content\/uploads\/2025\/11\/img-servicio1.webp\",\"contentUrl\":\"https:\/\/angosap.org\/http:\/\/angosap.org\/wp-content\/uploads\/2025\/11\/img-servicio1.webp\"},{\"@type\":\"BreadcrumbList\",\"@id\":\"https:\/\/angosap.org\/servicios\/detalle-servicio\/#breadcrumb\",\"itemListElement\":[{\"@type\":\"ListItem\",\"position\":1,\"name\":\"Portada\",\"item\":\"https:\/\/angosap.org\/\"},{\"@type\":\"ListItem\",\"position\":2,\"name\":\"Servicios\",\"item\":\"https:\/\/angosap.org\/servicios\/\"},{\"@type\":\"ListItem\",\"position\":3,\"name\":\"Detalle-servicio\"}]},{\"@type\":\"WebSite\",\"@id\":\"https:\/\/angosap.org\/#website\",\"url\":\"https:\/\/angosap.org\/\",\"name\":\"Angosap\",\"description\":\"\",\"publisher\":{\"@id\":\"https:\/\/angosap.org\/#organization\"},\"potentialAction\":[{\"@type\":\"SearchAction\",\"target\":{\"@type\":\"EntryPoint\",\"urlTemplate\":\"https:\/\/angosap.org\/?s={search_term_string}\"},\"query-input\":{\"@type\":\"PropertyValueSpecification\",\"valueRequired\":true,\"valueName\":\"search_term_string\"}}],\"inLanguage\":\"en-GB\"},{\"@type\":\"Organization\",\"@id\":\"https:\/\/angosap.org\/#organization\",\"name\":\"Angosap\",\"url\":\"https:\/\/angosap.org\/\",\"logo\":{\"@type\":\"ImageObject\",\"inLanguage\":\"en-GB\",\"@id\":\"https:\/\/angosap.org\/#\/schema\/logo\/image\/\",\"url\":\"https:\/\/angosap.org\/wp-content\/uploads\/2025\/11\/ico-menu1.svg\",\"contentUrl\":\"https:\/\/angosap.org\/wp-content\/uploads\/2025\/11\/ico-menu1.svg\",\"width\":59,\"height\":39,\"caption\":\"Angosap\"},\"image\":{\"@id\":\"https:\/\/angosap.org\/#\/schema\/logo\/image\/\"}}]}<\/script>\n<!-- \/ Yoast SEO plugin. -->","yoast_head_json":{"title":"Detalle-servicio - Angosap","robots":{"index":"index","follow":"follow","max-snippet":"max-snippet:-1","max-image-preview":"max-image-preview:large","max-video-preview":"max-video-preview:-1"},"canonical":"https:\/\/angosap.org\/en\/servicios\/detalle-servicio\/","og_locale":"en_GB","og_type":"article","og_title":"Detalle-servicio - Angosap","og_description":"Atenci\u00f3n psicol\u00f3gica individual Fundadora:Silvia Cano Comunicaci\u00f3n:Instagram @yourclinicSilvia Cano Contactar Lorem ipsum dolor sit amet, consectetur adipiscing elit, sed do eiusmod tempor incididunt ut labore et dolore magna aliqua. Ut enim ad minim veniam, quis nostrud exercitation ullamco laboris nisi ut aliquip ex ea commodo consequat. Duis aute irure dolor in reprehenderit in voluptate velit esse [&hellip;]","og_url":"https:\/\/angosap.org\/en\/servicios\/detalle-servicio\/","og_site_name":"Angosap","article_modified_time":"2025-12-09T10:36:10+00:00","og_image":[{"url":"https:\/\/angosap.org\/http:\/\/angosap.org\/wp-content\/uploads\/2025\/11\/img-servicio1.webp","type":"","width":"","height":""}],"twitter_card":"summary_large_image","twitter_misc":{"Estimated reading time":"1 minute"},"schema":{"@context":"https:\/\/schema.org","@graph":[{"@type":"WebPage","@id":"https:\/\/angosap.org\/servicios\/detalle-servicio\/","url":"https:\/\/angosap.org\/servicios\/detalle-servicio\/","name":"Detalle-servicio - Angosap","isPartOf":{"@id":"https:\/\/angosap.org\/#website"},"primaryImageOfPage":{"@id":"https:\/\/angosap.org\/servicios\/detalle-servicio\/#primaryimage"},"image":{"@id":"https:\/\/angosap.org\/servicios\/detalle-servicio\/#primaryimage"},"thumbnailUrl":"https:\/\/angosap.org\/http:\/\/angosap.org\/wp-content\/uploads\/2025\/11\/img-servicio1.webp","datePublished":"2025-12-05T11:17:50+00:00","dateModified":"2025-12-09T10:36:10+00:00","breadcrumb":{"@id":"https:\/\/angosap.org\/servicios\/detalle-servicio\/#breadcrumb"},"inLanguage":"en-GB","potentialAction":[{"@type":"ReadAction","target":["https:\/\/angosap.org\/servicios\/detalle-servicio\/"]}]},{"@type":"ImageObject","inLanguage":"en-GB","@id":"https:\/\/angosap.org\/servicios\/detalle-servicio\/#primaryimage","url":"https:\/\/angosap.org\/http:\/\/angosap.org\/wp-content\/uploads\/2025\/11\/img-servicio1.webp","contentUrl":"https:\/\/angosap.org\/http:\/\/angosap.org\/wp-content\/uploads\/2025\/11\/img-servicio1.webp"},{"@type":"BreadcrumbList","@id":"https:\/\/angosap.org\/servicios\/detalle-servicio\/#breadcrumb","itemListElement":[{"@type":"ListItem","position":1,"name":"Portada","item":"https:\/\/angosap.org\/"},{"@type":"ListItem","position":2,"name":"Servicios","item":"https:\/\/angosap.org\/servicios\/"},{"@type":"ListItem","position":3,"name":"Detalle-servicio"}]},{"@type":"WebSite","@id":"https:\/\/angosap.org\/#website","url":"https:\/\/angosap.org\/","name":"Angosap","description":"","publisher":{"@id":"https:\/\/angosap.org\/#organization"},"potentialAction":[{"@type":"SearchAction","target":{"@type":"EntryPoint","urlTemplate":"https:\/\/angosap.org\/?s={search_term_string}"},"query-input":{"@type":"PropertyValueSpecification","valueRequired":true,"valueName":"search_term_string"}}],"inLanguage":"en-GB"},{"@type":"Organization","@id":"https:\/\/angosap.org\/#organization","name":"Angosap","url":"https:\/\/angosap.org\/","logo":{"@type":"ImageObject","inLanguage":"en-GB","@id":"https:\/\/angosap.org\/#\/schema\/logo\/image\/","url":"https:\/\/angosap.org\/wp-content\/uploads\/2025\/11\/ico-menu1.svg","contentUrl":"https:\/\/angosap.org\/wp-content\/uploads\/2025\/11\/ico-menu1.svg","width":59,"height":39,"caption":"Angosap"},"image":{"@id":"https:\/\/angosap.org\/#\/schema\/logo\/image\/"}}]}},"_links":{"self":[{"href":"https:\/\/angosap.org\/en\/wp-json\/wp\/v2\/pages\/240","targetHints":{"allow":["GET"]}}],"collection":[{"href":"https:\/\/angosap.org\/en\/wp-json\/wp\/v2\/pages"}],"about":[{"href":"https:\/\/angosap.org\/en\/wp-json\/wp\/v2\/types\/page"}],"author":[{"embeddable":true,"href":"https:\/\/angosap.org\/en\/wp-json\/wp\/v2\/users\/2"}],"replies":[{"embeddable":true,"href":"https:\/\/angosap.org\/en\/wp-json\/wp\/v2\/comments?post=240"}],"version-history":[{"count":7,"href":"https:\/\/angosap.org\/en\/wp-json\/wp\/v2\/pages\/240\/revisions"}],"predecessor-version":[{"id":253,"href":"https:\/\/angosap.org\/en\/wp-json\/wp\/v2\/pages\/240\/revisions\/253"}],"up":[{"embeddable":true,"href":"https:\/\/angosap.org\/en\/wp-json\/wp\/v2\/pages\/168"}],"wp:attachment":[{"href":"https:\/\/angosap.org\/en\/wp-json\/wp\/v2\/media?parent=240"}],"curies":[{"name":"wp","href":"https:\/\/api.w.org\/{rel}","templated":true}]}}